{"id":6928,"date":"2025-04-03T15:50:35","date_gmt":"2025-04-03T15:50:35","guid":{"rendered":"https:\/\/gl-design.net\/?post_type=product&#038;p=6928"},"modified":"2025-04-28T10:44:11","modified_gmt":"2025-04-28T10:44:11","slug":"surfeuse-hendaye-rose-orange-ref-a112","status":"publish","type":"product","link":"https:\/\/gl-design.net\/eu\/produktua\/surfeuse-hendaye-rose-orange-ref-a112\/","title":{"rendered":"Affiche surfeuse Hendaye rose orange (R\u00e9f A112)"},"content":{"rendered":"<h3 class=\"\" data-start=\"405\" data-end=\"455\"><strong data-start=\"409\" data-end=\"455\">Une affiche inspirante aux couleurs pastel<\/strong><\/h3>\n<p class=\"\" data-start=\"457\" data-end=\"734\">Offrez-vous un souffle d\u2019air marin avec cette affiche originale repr\u00e9sentant une sc\u00e8ne de surf \u00e0 Hendaye. Une jeune fille, planche sous le bras, marche vers les vagues sur un sable baign\u00e9 de lumi\u00e8re. Le ciel rose orang\u00e9 enveloppe la sc\u00e8ne d\u2019une atmosph\u00e8re douce et chaleureuse.<\/p>\n<h3 class=\"\" data-start=\"736\" data-end=\"788\"><strong data-start=\"740\" data-end=\"788\">Un style art na\u00eff pour une d\u00e9coration unique<\/strong><\/h3>\n<p class=\"\" data-start=\"790\" data-end=\"1012\">R\u00e9alis\u00e9e avec des aplats de couleurs dans un style art na\u00eff, cette affiche \u00e9voque simplicit\u00e9 et \u00e9motion. Chaque teinte pastel est soigneusement choisie pour transmettre la qui\u00e9tude et la beaut\u00e9 naturelle de la c\u00f4te basque.<\/p>\n<h3 class=\"\" data-start=\"1014\" data-end=\"1074\"><strong data-start=\"1018\" data-end=\"1074\">Une cr\u00e9ation parfaite pour tous les amoureux du surf<\/strong><\/h3>\n<p class=\"\" data-start=\"1076\" data-end=\"1315\">Que vous soyez passionn\u00e9 par l&rsquo;oc\u00e9an ou adepte d\u2019une d\u00e9coration douce et po\u00e9tique, cette \u0153uvre apportera charme et \u00e9l\u00e9gance \u00e0 votre espace. En l&rsquo;accrochant chez vous, vous invitez l&rsquo;esprit libre d&rsquo;Hendaye \u00e0 faire partie de votre quotidien.<\/p>","protected":false},"excerpt":{"rendered":"<p>Apportez une touche d\u2019\u00e9vasion \u00e0 votre int\u00e9rieur avec cette affiche artistique d\u2019Hendaye. Une jeune surfeuse avance sur le sable dor\u00e9, surf \u00e0 la main, sous un ciel pastel ros\u00e9. Cette cr\u00e9ation unique, en style art na\u00eff, capture l&rsquo;esprit doux et libre de la c\u00f4te basque.<\/p>","protected":false},"featured_media":6931,"comment_status":"open","ping_status":"closed","template":"","meta":[],"product_brand":[],"product_cat":[84,99],"product_tag":[],"class_list":{"0":"post-6928","1":"product","2":"type-product","3":"status-publish","4":"has-post-thumbnail","6":"product_cat-affiches","7":"product_cat-minimalisme","9":"first","10":"instock","11":"purchasable","12":"product-type-variable"},"yoast_head":"<!-- This site is optimized with the Yoast SEO plugin v24.9 - https:\/\/yoast.com\/wordpress\/plugins\/seo\/ -->\n<title>Surfeuse sur le sable dor\u00e9, surf \u00e0 la main, sous un beau ciel ros\u00e9 - GL DESIGN<\/title>\n<meta name=\"description\" content=\"surfeuse sur le sable dor\u00e9, sous un ciel ros\u00e9 \u2014 Une cr\u00e9ation originale au style na\u00eff, color\u00e9e et pleine de charme. Parfaite pour une d\u00e9co chaleureuse.\" \/>\n<meta name=\"robots\" content=\"index, follow, max-snippet:-1, max-image-preview:large, max-video-preview:-1\" \/>\n<link rel=\"canonical\" href=\"https:\/\/gl-design.net\/eu\/produktua\/surfeuse-hendaye-rose-orange-ref-a112\/\" \/>\n<meta property=\"og:locale\" content=\"en_US\" \/>\n<meta property=\"og:type\" content=\"article\" \/>\n<meta property=\"og:title\" content=\"Surfeuse sur le sable dor\u00e9, surf \u00e0 la main, sous un beau ciel ros\u00e9 - GL DESIGN\" \/>\n<meta property=\"og:description\" content=\"surfeuse sur le sable dor\u00e9, sous un ciel ros\u00e9 \u2014 Une cr\u00e9ation originale au style na\u00eff, color\u00e9e et pleine de charme. Parfaite pour une d\u00e9co chaleureuse.\" \/>\n<meta property=\"og:url\" content=\"https:\/\/gl-design.net\/eu\/produktua\/surfeuse-hendaye-rose-orange-ref-a112\/\" \/>\n<meta property=\"og:site_name\" content=\"GL DESIGN\" \/>\n<meta property=\"article:publisher\" content=\"https:\/\/www.facebook.com\/GILdesign.graphiste\" \/>\n<meta property=\"article:modified_time\" content=\"2025-04-28T10:44:11+00:00\" \/>\n<meta property=\"og:image\" content=\"https:\/\/gl-design.net\/wp-content\/uploads\/2025\/04\/A112-Affiche-Pays-Basque-surfeuse-Hendaye-rose-orange-GIL.jpg\" \/>\n\t<meta property=\"og:image:width\" content=\"500\" \/>\n\t<meta property=\"og:image:height\" content=\"667\" \/>\n\t<meta property=\"og:image:type\" content=\"image\/jpeg\" \/>\n<meta name=\"twitter:card\" content=\"summary_large_image\" \/>\n<meta name=\"twitter:label1\" content=\"Est. reading time\" \/>\n\t<meta name=\"twitter:data1\" content=\"1 minutua\" \/>\n<script type=\"application\/ld+json\" class=\"yoast-schema-graph\">{\"@context\":\"https:\/\/schema.org\",\"@graph\":[{\"@type\":\"WebPage\",\"@id\":\"https:\/\/gl-design.net\/produit\/surfeuse-hendaye-rose-orange-ref-a112\/\",\"url\":\"https:\/\/gl-design.net\/produit\/surfeuse-hendaye-rose-orange-ref-a112\/\",\"name\":\"Surfeuse sur le sable dor\u00e9, surf \u00e0 la main, sous un beau ciel ros\u00e9 - GL DESIGN\",\"isPartOf\":{\"@id\":\"https:\/\/gl-design.net\/#website\"},\"primaryImageOfPage\":{\"@id\":\"https:\/\/gl-design.net\/produit\/surfeuse-hendaye-rose-orange-ref-a112\/#primaryimage\"},\"image\":{\"@id\":\"https:\/\/gl-design.net\/produit\/surfeuse-hendaye-rose-orange-ref-a112\/#primaryimage\"},\"thumbnailUrl\":\"https:\/\/gl-design.net\/wp-content\/uploads\/2025\/04\/A112-Affiche-Pays-Basque-surfeuse-Hendaye-rose-orange-GIL.jpg\",\"datePublished\":\"2025-04-03T15:50:35+00:00\",\"dateModified\":\"2025-04-28T10:44:11+00:00\",\"description\":\"surfeuse sur le sable dor\u00e9, sous un ciel ros\u00e9 \u2014 Une cr\u00e9ation originale au style na\u00eff, color\u00e9e et pleine de charme. Parfaite pour une d\u00e9co chaleureuse.\",\"breadcrumb\":{\"@id\":\"https:\/\/gl-design.net\/produit\/surfeuse-hendaye-rose-orange-ref-a112\/#breadcrumb\"},\"inLanguage\":\"eu\",\"potentialAction\":[{\"@type\":\"ReadAction\",\"target\":[\"https:\/\/gl-design.net\/produit\/surfeuse-hendaye-rose-orange-ref-a112\/\"]}]},{\"@type\":\"ImageObject\",\"inLanguage\":\"eu\",\"@id\":\"https:\/\/gl-design.net\/produit\/surfeuse-hendaye-rose-orange-ref-a112\/#primaryimage\",\"url\":\"https:\/\/gl-design.net\/wp-content\/uploads\/2025\/04\/A112-Affiche-Pays-Basque-surfeuse-Hendaye-rose-orange-GIL.jpg\",\"contentUrl\":\"https:\/\/gl-design.net\/wp-content\/uploads\/2025\/04\/A112-Affiche-Pays-Basque-surfeuse-Hendaye-rose-orange-GIL.jpg\",\"width\":500,\"height\":667},{\"@type\":\"BreadcrumbList\",\"@id\":\"https:\/\/gl-design.net\/produit\/surfeuse-hendaye-rose-orange-ref-a112\/#breadcrumb\",\"itemListElement\":[{\"@type\":\"ListItem\",\"position\":1,\"name\":\"Accueil\",\"item\":\"https:\/\/gl-design.net\/\"},{\"@type\":\"ListItem\",\"position\":2,\"name\":\"Boutique\",\"item\":\"https:\/\/gl-design.net\/boutique\/\"},{\"@type\":\"ListItem\",\"position\":3,\"name\":\"Affiche surfeuse Hendaye rose orange (R\u00e9f A112)\"}]},{\"@type\":\"WebSite\",\"@id\":\"https:\/\/gl-design.net\/#website\",\"url\":\"https:\/\/gl-design.net\/\",\"name\":\"Affiches et illustration du Pays Basque et du Sud-Ouest\",\"description\":\"Affiches et Illustrations du sud ouest par GIL\",\"publisher\":{\"@id\":\"https:\/\/gl-design.net\/#organization\"},\"potentialAction\":[{\"@type\":\"SearchAction\",\"target\":{\"@type\":\"EntryPoint\",\"urlTemplate\":\"https:\/\/gl-design.net\/?s={search_term_string}\"},\"query-input\":{\"@type\":\"PropertyValueSpecification\",\"valueRequired\":true,\"valueName\":\"search_term_string\"}}],\"inLanguage\":\"eu\"},{\"@type\":\"Organization\",\"@id\":\"https:\/\/gl-design.net\/#organization\",\"name\":\"GL DESIGN\",\"url\":\"https:\/\/gl-design.net\/\",\"logo\":{\"@type\":\"ImageObject\",\"inLanguage\":\"eu\",\"@id\":\"https:\/\/gl-design.net\/#\/schema\/logo\/image\/\",\"url\":\"https:\/\/gl-design.net\/wp-content\/uploads\/2024\/04\/cropped-favicon-1.png\",\"contentUrl\":\"https:\/\/gl-design.net\/wp-content\/uploads\/2024\/04\/cropped-favicon-1.png\",\"width\":512,\"height\":512,\"caption\":\"GL DESIGN\"},\"image\":{\"@id\":\"https:\/\/gl-design.net\/#\/schema\/logo\/image\/\"},\"sameAs\":[\"https:\/\/www.facebook.com\/GILdesign.graphiste\",\"https:\/\/www.instagram.com\/gildesign.graphiste\"]}]}<\/script>\n<!-- \/ Yoast SEO plugin. -->","yoast_head_json":{"title":"Surfeuse sur le sable dor\u00e9, surf \u00e0 la main, sous un beau ciel ros\u00e9 - GL DESIGN","description":"surfeuse sur le sable dor\u00e9, sous un ciel ros\u00e9 \u2014 Une cr\u00e9ation originale au style na\u00eff, color\u00e9e et pleine de charme. Parfaite pour une d\u00e9co chaleureuse.","robots":{"index":"index","follow":"follow","max-snippet":"max-snippet:-1","max-image-preview":"max-image-preview:large","max-video-preview":"max-video-preview:-1"},"canonical":"https:\/\/gl-design.net\/eu\/produktua\/surfeuse-hendaye-rose-orange-ref-a112\/","og_locale":"en_US","og_type":"article","og_title":"Surfeuse sur le sable dor\u00e9, surf \u00e0 la main, sous un beau ciel ros\u00e9 - GL DESIGN","og_description":"surfeuse sur le sable dor\u00e9, sous un ciel ros\u00e9 \u2014 Une cr\u00e9ation originale au style na\u00eff, color\u00e9e et pleine de charme. Parfaite pour une d\u00e9co chaleureuse.","og_url":"https:\/\/gl-design.net\/eu\/produktua\/surfeuse-hendaye-rose-orange-ref-a112\/","og_site_name":"GL DESIGN","article_publisher":"https:\/\/www.facebook.com\/GILdesign.graphiste","article_modified_time":"2025-04-28T10:44:11+00:00","og_image":[{"width":500,"height":667,"url":"https:\/\/gl-design.net\/wp-content\/uploads\/2025\/04\/A112-Affiche-Pays-Basque-surfeuse-Hendaye-rose-orange-GIL.jpg","type":"image\/jpeg"}],"twitter_card":"summary_large_image","twitter_misc":{"Est. reading time":"1 minutua"},"schema":{"@context":"https:\/\/schema.org","@graph":[{"@type":"WebPage","@id":"https:\/\/gl-design.net\/produit\/surfeuse-hendaye-rose-orange-ref-a112\/","url":"https:\/\/gl-design.net\/produit\/surfeuse-hendaye-rose-orange-ref-a112\/","name":"Surfeuse sur le sable dor\u00e9, surf \u00e0 la main, sous un beau ciel ros\u00e9 - GL DESIGN","isPartOf":{"@id":"https:\/\/gl-design.net\/#website"},"primaryImageOfPage":{"@id":"https:\/\/gl-design.net\/produit\/surfeuse-hendaye-rose-orange-ref-a112\/#primaryimage"},"image":{"@id":"https:\/\/gl-design.net\/produit\/surfeuse-hendaye-rose-orange-ref-a112\/#primaryimage"},"thumbnailUrl":"https:\/\/gl-design.net\/wp-content\/uploads\/2025\/04\/A112-Affiche-Pays-Basque-surfeuse-Hendaye-rose-orange-GIL.jpg","datePublished":"2025-04-03T15:50:35+00:00","dateModified":"2025-04-28T10:44:11+00:00","description":"surfeuse sur le sable dor\u00e9, sous un ciel ros\u00e9 \u2014 Une cr\u00e9ation originale au style na\u00eff, color\u00e9e et pleine de charme. Parfaite pour une d\u00e9co chaleureuse.","breadcrumb":{"@id":"https:\/\/gl-design.net\/produit\/surfeuse-hendaye-rose-orange-ref-a112\/#breadcrumb"},"inLanguage":"eu","potentialAction":[{"@type":"ReadAction","target":["https:\/\/gl-design.net\/produit\/surfeuse-hendaye-rose-orange-ref-a112\/"]}]},{"@type":"ImageObject","inLanguage":"eu","@id":"https:\/\/gl-design.net\/produit\/surfeuse-hendaye-rose-orange-ref-a112\/#primaryimage","url":"https:\/\/gl-design.net\/wp-content\/uploads\/2025\/04\/A112-Affiche-Pays-Basque-surfeuse-Hendaye-rose-orange-GIL.jpg","contentUrl":"https:\/\/gl-design.net\/wp-content\/uploads\/2025\/04\/A112-Affiche-Pays-Basque-surfeuse-Hendaye-rose-orange-GIL.jpg","width":500,"height":667},{"@type":"BreadcrumbList","@id":"https:\/\/gl-design.net\/produit\/surfeuse-hendaye-rose-orange-ref-a112\/#breadcrumb","itemListElement":[{"@type":"ListItem","position":1,"name":"Accueil","item":"https:\/\/gl-design.net\/"},{"@type":"ListItem","position":2,"name":"Boutique","item":"https:\/\/gl-design.net\/boutique\/"},{"@type":"ListItem","position":3,"name":"Affiche surfeuse Hendaye rose orange (R\u00e9f A112)"}]},{"@type":"WebSite","@id":"https:\/\/gl-design.net\/#website","url":"https:\/\/gl-design.net\/","name":"Affiches et illustration du Pays Basque et du Sud-Ouest","description":"Affiches et Illustrations du sud ouest par GIL","publisher":{"@id":"https:\/\/gl-design.net\/#organization"},"potentialAction":[{"@type":"SearchAction","target":{"@type":"EntryPoint","urlTemplate":"https:\/\/gl-design.net\/?s={search_term_string}"},"query-input":{"@type":"PropertyValueSpecification","valueRequired":true,"valueName":"search_term_string"}}],"inLanguage":"eu"},{"@type":"Organization","@id":"https:\/\/gl-design.net\/#organization","name":"GL DESIGN","url":"https:\/\/gl-design.net\/","logo":{"@type":"ImageObject","inLanguage":"eu","@id":"https:\/\/gl-design.net\/#\/schema\/logo\/image\/","url":"https:\/\/gl-design.net\/wp-content\/uploads\/2024\/04\/cropped-favicon-1.png","contentUrl":"https:\/\/gl-design.net\/wp-content\/uploads\/2024\/04\/cropped-favicon-1.png","width":512,"height":512,"caption":"GL DESIGN"},"image":{"@id":"https:\/\/gl-design.net\/#\/schema\/logo\/image\/"},"sameAs":["https:\/\/www.facebook.com\/GILdesign.graphiste","https:\/\/www.instagram.com\/gildesign.graphiste"]}]}},"_links":{"self":[{"href":"https:\/\/gl-design.net\/eu\/wp-json\/wp\/v2\/product\/6928","targetHints":{"allow":["GET"]}}],"collection":[{"href":"https:\/\/gl-design.net\/eu\/wp-json\/wp\/v2\/product"}],"about":[{"href":"https:\/\/gl-design.net\/eu\/wp-json\/wp\/v2\/types\/product"}],"replies":[{"embeddable":true,"href":"https:\/\/gl-design.net\/eu\/wp-json\/wp\/v2\/comments?post=6928"}],"version-history":[{"count":3,"href":"https:\/\/gl-design.net\/eu\/wp-json\/wp\/v2\/product\/6928\/revisions"}],"predecessor-version":[{"id":7049,"href":"https:\/\/gl-design.net\/eu\/wp-json\/wp\/v2\/product\/6928\/revisions\/7049"}],"wp:featuredmedia":[{"embeddable":true,"href":"https:\/\/gl-design.net\/eu\/wp-json\/wp\/v2\/media\/6931"}],"wp:attachment":[{"href":"https:\/\/gl-design.net\/eu\/wp-json\/wp\/v2\/media?parent=6928"}],"wp:term":[{"taxonomy":"product_brand","embeddable":true,"href":"https:\/\/gl-design.net\/eu\/wp-json\/wp\/v2\/product_brand?post=6928"},{"taxonomy":"product_cat","embeddable":true,"href":"https:\/\/gl-design.net\/eu\/wp-json\/wp\/v2\/product_cat?post=6928"},{"taxonomy":"product_tag","embeddable":true,"href":"https:\/\/gl-design.net\/eu\/wp-json\/wp\/v2\/product_tag?post=6928"}],"curies":[{"name":"wp","href":"https:\/\/api.w.org\/{rel}","templated":true}]}}