{"id":6526,"date":"2024-05-24T20:50:27","date_gmt":"2024-05-24T20:50:27","guid":{"rendered":"https:\/\/gl-design.net\/?post_type=product&#038;p=6526"},"modified":"2025-06-13T10:24:09","modified_gmt":"2025-06-13T10:24:09","slug":"landes-satocha-ref-ap3","status":"publish","type":"product","link":"https:\/\/gl-design.net\/eu\/produktua\/landes-satocha-ref-ap3\/","title":{"rendered":"Affiche de Capbreton, plage SANTOCHA (R\u00e9f. AP3)"},"content":{"rendered":"<h2 data-start=\"1038\" data-end=\"1100\">\ud83c\udf0a Une vue embl\u00e9matique et inspirante de la c\u00f4te landaise<\/h2>\n<p data-start=\"1102\" data-end=\"1517\">Plongez dans l\u2019univers marin avec cette <strong data-start=\"1142\" data-end=\"1182\">affiche de Capbreton, plage Santocha<\/strong>, une \u0153uvre graphique empreinte de s\u00e9r\u00e9nit\u00e9.<br data-start=\"1226\" data-end=\"1229\" \/>Cette illustration capture l\u2019\u00e2me de Santocha : une plage d\u00e9gag\u00e9e, paisible, baign\u00e9e de lumi\u00e8re.<br data-start=\"1324\" data-end=\"1327\" \/>Un blockhaus discret mais pr\u00e9sent s\u2019int\u00e8gre parfaitement au d\u00e9cor sablonneux.<br data-start=\"1404\" data-end=\"1407\" \/>Il symbolise \u00e0 la fois l\u2019histoire et la force du lieu.<br data-start=\"1461\" data-end=\"1464\" \/>Ainsi, la sc\u00e8ne devient \u00e9vocatrice et pleine de sens.<\/p>\n<h2 data-start=\"1519\" data-end=\"1571\">\ud83c\udfc4\u200d\u2642\ufe0f Le surfeur, figure libre et contemplative<\/h2>\n<p data-start=\"1573\" data-end=\"1915\">Le regard se porte naturellement sur le surfeur au-dessus du blockhaus.<br data-start=\"1644\" data-end=\"1647\" \/>Debout, planche en main, il observe les vagues avec attention.<br data-start=\"1709\" data-end=\"1712\" \/>Son corps immobile contraste avec le mouvement de l\u2019oc\u00e9an.<br data-start=\"1770\" data-end=\"1773\" \/>De plus, sa posture traduit \u00e0 la fois calme et concentration.<br data-start=\"1834\" data-end=\"1837\" \/>Gr\u00e2ce \u00e0 cette pr\u00e9sence humaine, l\u2019affiche gagne en profondeur et en \u00e9motion.<\/p>\n<h2 data-start=\"1917\" data-end=\"1970\">\ud83c\udf05 Une composition \u00e9quilibr\u00e9e aux teintes douces<\/h2>\n<p data-start=\"1972\" data-end=\"2465\">En arri\u00e8re-plan, les contours de la c\u00f4te basque se dessinent \u00e0 l\u2019horizon.<br data-start=\"2045\" data-end=\"2048\" \/>Ils compl\u00e8tent subtilement le panorama.<br data-start=\"2087\" data-end=\"2090\" \/>Le choix d\u2019un cama\u00efeu de bleus et de blancs cr\u00e9e une ambiance apaisante.<br data-start=\"2162\" data-end=\"2165\" \/>En effet, les couleurs harmonieuses invitent \u00e0 la r\u00eaverie et \u00e0 la d\u00e9tente.<br data-start=\"2239\" data-end=\"2242\" \/>Ce style graphique, \u00e0 la fois classique et \u00e9pur\u00e9, s\u2019adapte \u00e0 de nombreux int\u00e9rieurs.<br data-start=\"2326\" data-end=\"2329\" \/>Que ce soit dans un salon, un bureau ou une maison de vacances, cette <strong data-start=\"2399\" data-end=\"2439\">affiche de Capbreton, plage Santocha<\/strong> trouve ais\u00e9ment sa place.<\/p>\n<h2 data-start=\"2467\" data-end=\"2523\">\ud83d\uddbc\ufe0f Plusieurs formats pour s\u2019adapter \u00e0 votre espace<\/h2>\n<p data-start=\"2525\" data-end=\"2586\">Cette affiche est disponible en cinq formats panoramiques :<\/p>\n<ul data-start=\"2587\" data-end=\"2654\">\n<li data-start=\"2587\" data-end=\"2599\">\n<p data-start=\"2589\" data-end=\"2599\">20&#215;60 cm<\/p>\n<\/li>\n<li data-start=\"2600\" data-end=\"2612\">\n<p data-start=\"2602\" data-end=\"2612\">33&#215;95 cm<\/p>\n<\/li>\n<li data-start=\"2613\" data-end=\"2626\">\n<p data-start=\"2615\" data-end=\"2626\">40&#215;120 cm<\/p>\n<\/li>\n<li data-start=\"2627\" data-end=\"2640\">\n<p data-start=\"2629\" data-end=\"2640\">52&#215;150 cm<\/p>\n<\/li>\n<li data-start=\"2641\" data-end=\"2654\">\n<p data-start=\"2643\" data-end=\"2654\">60&#215;180 cm<\/p>\n<\/li>\n<\/ul>\n<p data-start=\"2656\" data-end=\"2839\">Ainsi, vous choisissez la taille id\u00e9ale selon votre pi\u00e8ce.<br data-start=\"2714\" data-end=\"2717\" \/>Chaque exemplaire est imprim\u00e9 avec soin sur un papier de qualit\u00e9.<br data-start=\"2782\" data-end=\"2785\" \/>Les couleurs restent vives et fid\u00e8les au fil du temps.<\/p>\n<h2 data-start=\"2841\" data-end=\"2905\">\ud83c\udf81 Une d\u00e9coration murale authentique \u00e0 offrir ou \u00e0 s\u2019offrir<\/h2>\n<p data-start=\"2907\" data-end=\"3205\">Cette <strong data-start=\"2913\" data-end=\"2953\">affiche de Capbreton, plage Santocha<\/strong> constitue une excellente id\u00e9e cadeau.<br data-start=\"2991\" data-end=\"2994\" \/>Elle s\u00e9duira les amoureux du surf, de l\u2019oc\u00e9an ou des Landes.<br data-start=\"3054\" data-end=\"3057\" \/>En plus d\u2019habiller vos murs, elle raconte une histoire.<br data-start=\"3112\" data-end=\"3115\" \/>Par cons\u00e9quent, elle devient plus qu\u2019une simple illustration : une invitation \u00e0 l\u2019\u00e9vasion.<\/p>\n<p data-start=\"2098\" data-end=\"2251\">&#8212;&#8211;<\/p>\n<p data-start=\"2098\" data-end=\"2251\"><a href=\"\/eu\/product-themes\/landes\/\">\ud83d\udd17 A voir : toutes les affiches sur le th\u00e8me des Landes<\/a><\/p>","protected":false},"excerpt":{"rendered":"<p>Cette <strong data-start=\"440\" data-end=\"480\">affiche de Capbreton, plage Santocha<\/strong> illustre une sc\u00e8ne calme et puissante \u00e0 la fois.<br data-start=\"529\" data-end=\"532\" \/>Un surfeur solitaire scrute l\u2019oc\u00e9an depuis la plage, tenant sa planche.<br data-start=\"603\" data-end=\"606\" \/>Au centre, un blockhaus se fond dans le paysage sableux, t\u00e9moin silencieux du pass\u00e9.<br data-start=\"690\" data-end=\"693\" \/>\u00c0 l\u2019horizon, la c\u00f4te basque ferme cette composition aux teintes douces.<br data-start=\"764\" data-end=\"767\" \/>Le cama\u00efeu de bleus, blanc et sable renforce le style \u00e9pur\u00e9 de l\u2019ensemble.<br data-start=\"835\" data-end=\"838\" \/>Disponible en plusieurs formats panoramiques, cette \u0153uvre s\u2019int\u00e8gre parfaitement dans une d\u00e9coration design et authentique.<\/p>","protected":false},"featured_media":5984,"comment_status":"open","ping_status":"closed","template":"","meta":[],"product_brand":[],"product_cat":[84,96],"product_tag":[],"class_list":{"0":"post-6526","1":"product","2":"type-product","3":"status-publish","4":"has-post-thumbnail","6":"product_cat-affiches","7":"product_cat-design","8":"product_themes-bleu","9":"product_themes-format-paysage","10":"product_themes-landes","11":"product_themes-sable","13":"first","14":"instock","15":"purchasable","16":"product-type-variable"},"yoast_head":"<!-- This site is optimized with the Yoast SEO plugin v24.9 - https:\/\/yoast.com\/wordpress\/plugins\/seo\/ -->\n<title>Affiche de Capbreton, plage SANTOCHA (R\u00e9f. AP3) - GL DESIGN<\/title>\n<meta name=\"description\" content=\"Affiche de Capbreton, plage Santocha, dans un style classique et marin. Illustration murale disponible en 5 formats panoramiques.\" \/>\n<meta name=\"robots\" content=\"index, follow, max-snippet:-1, max-image-preview:large, max-video-preview:-1\" \/>\n<link rel=\"canonical\" href=\"https:\/\/gl-design.net\/eu\/produktua\/landes-satocha-ref-ap3\/\" \/>\n<meta property=\"og:locale\" content=\"en_US\" \/>\n<meta property=\"og:type\" content=\"article\" \/>\n<meta property=\"og:title\" content=\"Affiche de Capbreton, plage SANTOCHA (R\u00e9f. AP3) - GL DESIGN\" \/>\n<meta property=\"og:description\" content=\"Affiche de Capbreton, plage Santocha, dans un style classique et marin. Illustration murale disponible en 5 formats panoramiques.\" \/>\n<meta property=\"og:url\" content=\"https:\/\/gl-design.net\/eu\/produktua\/landes-satocha-ref-ap3\/\" \/>\n<meta property=\"og:site_name\" content=\"GL DESIGN\" \/>\n<meta property=\"article:publisher\" content=\"https:\/\/www.facebook.com\/GILdesign.graphiste\" \/>\n<meta property=\"article:modified_time\" content=\"2025-06-13T10:24:09+00:00\" \/>\n<meta property=\"og:image\" content=\"https:\/\/gl-design.net\/wp-content\/uploads\/2024\/05\/AP3-Affiche-Illustration-regionale-Pays-Basque-Capbreton-surf-sur-blockhaus-GIL.jpg\" \/>\n\t<meta property=\"og:image:width\" content=\"1327\" \/>\n\t<meta property=\"og:image:height\" content=\"442\" \/>\n\t<meta property=\"og:image:type\" content=\"image\/jpeg\" \/>\n<meta name=\"twitter:card\" content=\"summary_large_image\" \/>\n<meta name=\"twitter:label1\" content=\"Est. reading time\" \/>\n\t<meta name=\"twitter:data1\" content=\"2 minutua\" \/>\n<script type=\"application\/ld+json\" class=\"yoast-schema-graph\">{\"@context\":\"https:\/\/schema.org\",\"@graph\":[{\"@type\":\"WebPage\",\"@id\":\"https:\/\/gl-design.net\/produit\/landes-satocha-ref-ap3\/\",\"url\":\"https:\/\/gl-design.net\/produit\/landes-satocha-ref-ap3\/\",\"name\":\"Affiche de Capbreton, plage SANTOCHA (R\u00e9f. AP3) - GL DESIGN\",\"isPartOf\":{\"@id\":\"https:\/\/gl-design.net\/#website\"},\"primaryImageOfPage\":{\"@id\":\"https:\/\/gl-design.net\/produit\/landes-satocha-ref-ap3\/#primaryimage\"},\"image\":{\"@id\":\"https:\/\/gl-design.net\/produit\/landes-satocha-ref-ap3\/#primaryimage\"},\"thumbnailUrl\":\"https:\/\/gl-design.net\/wp-content\/uploads\/2024\/05\/AP3-Affiche-Illustration-regionale-Pays-Basque-Capbreton-surf-sur-blockhaus-GIL.jpg\",\"datePublished\":\"2024-05-24T20:50:27+00:00\",\"dateModified\":\"2025-06-13T10:24:09+00:00\",\"description\":\"Affiche de Capbreton, plage Santocha, dans un style classique et marin. Illustration murale disponible en 5 formats panoramiques.\",\"breadcrumb\":{\"@id\":\"https:\/\/gl-design.net\/produit\/landes-satocha-ref-ap3\/#breadcrumb\"},\"inLanguage\":\"eu\",\"potentialAction\":[{\"@type\":\"ReadAction\",\"target\":[\"https:\/\/gl-design.net\/produit\/landes-satocha-ref-ap3\/\"]}]},{\"@type\":\"ImageObject\",\"inLanguage\":\"eu\",\"@id\":\"https:\/\/gl-design.net\/produit\/landes-satocha-ref-ap3\/#primaryimage\",\"url\":\"https:\/\/gl-design.net\/wp-content\/uploads\/2024\/05\/AP3-Affiche-Illustration-regionale-Pays-Basque-Capbreton-surf-sur-blockhaus-GIL.jpg\",\"contentUrl\":\"https:\/\/gl-design.net\/wp-content\/uploads\/2024\/05\/AP3-Affiche-Illustration-regionale-Pays-Basque-Capbreton-surf-sur-blockhaus-GIL.jpg\",\"width\":1327,\"height\":442,\"caption\":\"Cette affiche de Capbreton, plage Santocha illustre une sc\u00e8ne calme et puissante \u00e0 la fois. Un surfeur solitaire scrute l\u2019oc\u00e9an depuis la plage, tenant sa planche. Au centre, un blockhaus se fond dans le paysage sableux, t\u00e9moin silencieux du pass\u00e9. \u00c0 l\u2019horizon, la c\u00f4te basque ferme cette composition aux teintes douces. Le cama\u00efeu de bleus et blancs renforce le style \u00e9pur\u00e9 de l\u2019ensemble. Disponible en plusieurs formats panoramiques, cette \u0153uvre s\u2019int\u00e8gre parfaitement dans une d\u00e9coration design et authentique.\"},{\"@type\":\"BreadcrumbList\",\"@id\":\"https:\/\/gl-design.net\/produit\/landes-satocha-ref-ap3\/#breadcrumb\",\"itemListElement\":[{\"@type\":\"ListItem\",\"position\":1,\"name\":\"Accueil\",\"item\":\"https:\/\/gl-design.net\/\"},{\"@type\":\"ListItem\",\"position\":2,\"name\":\"Boutique\",\"item\":\"https:\/\/gl-design.net\/boutique\/\"},{\"@type\":\"ListItem\",\"position\":3,\"name\":\"Affiche de Capbreton, plage SANTOCHA (R\u00e9f. AP3)\"}]},{\"@type\":\"WebSite\",\"@id\":\"https:\/\/gl-design.net\/#website\",\"url\":\"https:\/\/gl-design.net\/\",\"name\":\"Affiches et illustration du Pays Basque et du Sud-Ouest\",\"description\":\"Affiches et Illustrations du sud ouest par GIL\",\"publisher\":{\"@id\":\"https:\/\/gl-design.net\/#organization\"},\"potentialAction\":[{\"@type\":\"SearchAction\",\"target\":{\"@type\":\"EntryPoint\",\"urlTemplate\":\"https:\/\/gl-design.net\/?s={search_term_string}\"},\"query-input\":{\"@type\":\"PropertyValueSpecification\",\"valueRequired\":true,\"valueName\":\"search_term_string\"}}],\"inLanguage\":\"eu\"},{\"@type\":\"Organization\",\"@id\":\"https:\/\/gl-design.net\/#organization\",\"name\":\"GL DESIGN\",\"url\":\"https:\/\/gl-design.net\/\",\"logo\":{\"@type\":\"ImageObject\",\"inLanguage\":\"eu\",\"@id\":\"https:\/\/gl-design.net\/#\/schema\/logo\/image\/\",\"url\":\"https:\/\/gl-design.net\/wp-content\/uploads\/2024\/04\/cropped-favicon-1.png\",\"contentUrl\":\"https:\/\/gl-design.net\/wp-content\/uploads\/2024\/04\/cropped-favicon-1.png\",\"width\":512,\"height\":512,\"caption\":\"GL DESIGN\"},\"image\":{\"@id\":\"https:\/\/gl-design.net\/#\/schema\/logo\/image\/\"},\"sameAs\":[\"https:\/\/www.facebook.com\/GILdesign.graphiste\",\"https:\/\/www.instagram.com\/gildesign.graphiste\"]}]}<\/script>\n<!-- \/ Yoast SEO plugin. -->","yoast_head_json":{"title":"Affiche de Capbreton, plage SANTOCHA (R\u00e9f. AP3) - GL DESIGN","description":"Affiche de Capbreton, plage Santocha, dans un style classique et marin. Illustration murale disponible en 5 formats panoramiques.","robots":{"index":"index","follow":"follow","max-snippet":"max-snippet:-1","max-image-preview":"max-image-preview:large","max-video-preview":"max-video-preview:-1"},"canonical":"https:\/\/gl-design.net\/eu\/produktua\/landes-satocha-ref-ap3\/","og_locale":"en_US","og_type":"article","og_title":"Affiche de Capbreton, plage SANTOCHA (R\u00e9f. AP3) - GL DESIGN","og_description":"Affiche de Capbreton, plage Santocha, dans un style classique et marin. Illustration murale disponible en 5 formats panoramiques.","og_url":"https:\/\/gl-design.net\/eu\/produktua\/landes-satocha-ref-ap3\/","og_site_name":"GL DESIGN","article_publisher":"https:\/\/www.facebook.com\/GILdesign.graphiste","article_modified_time":"2025-06-13T10:24:09+00:00","og_image":[{"width":1327,"height":442,"url":"https:\/\/gl-design.net\/wp-content\/uploads\/2024\/05\/AP3-Affiche-Illustration-regionale-Pays-Basque-Capbreton-surf-sur-blockhaus-GIL.jpg","type":"image\/jpeg"}],"twitter_card":"summary_large_image","twitter_misc":{"Est. reading time":"2 minutua"},"schema":{"@context":"https:\/\/schema.org","@graph":[{"@type":"WebPage","@id":"https:\/\/gl-design.net\/produit\/landes-satocha-ref-ap3\/","url":"https:\/\/gl-design.net\/produit\/landes-satocha-ref-ap3\/","name":"Affiche de Capbreton, plage SANTOCHA (R\u00e9f. AP3) - GL DESIGN","isPartOf":{"@id":"https:\/\/gl-design.net\/#website"},"primaryImageOfPage":{"@id":"https:\/\/gl-design.net\/produit\/landes-satocha-ref-ap3\/#primaryimage"},"image":{"@id":"https:\/\/gl-design.net\/produit\/landes-satocha-ref-ap3\/#primaryimage"},"thumbnailUrl":"https:\/\/gl-design.net\/wp-content\/uploads\/2024\/05\/AP3-Affiche-Illustration-regionale-Pays-Basque-Capbreton-surf-sur-blockhaus-GIL.jpg","datePublished":"2024-05-24T20:50:27+00:00","dateModified":"2025-06-13T10:24:09+00:00","description":"Affiche de Capbreton, plage Santocha, dans un style classique et marin. Illustration murale disponible en 5 formats panoramiques.","breadcrumb":{"@id":"https:\/\/gl-design.net\/produit\/landes-satocha-ref-ap3\/#breadcrumb"},"inLanguage":"eu","potentialAction":[{"@type":"ReadAction","target":["https:\/\/gl-design.net\/produit\/landes-satocha-ref-ap3\/"]}]},{"@type":"ImageObject","inLanguage":"eu","@id":"https:\/\/gl-design.net\/produit\/landes-satocha-ref-ap3\/#primaryimage","url":"https:\/\/gl-design.net\/wp-content\/uploads\/2024\/05\/AP3-Affiche-Illustration-regionale-Pays-Basque-Capbreton-surf-sur-blockhaus-GIL.jpg","contentUrl":"https:\/\/gl-design.net\/wp-content\/uploads\/2024\/05\/AP3-Affiche-Illustration-regionale-Pays-Basque-Capbreton-surf-sur-blockhaus-GIL.jpg","width":1327,"height":442,"caption":"Cette affiche de Capbreton, plage Santocha illustre une sc\u00e8ne calme et puissante \u00e0 la fois. Un surfeur solitaire scrute l\u2019oc\u00e9an depuis la plage, tenant sa planche. Au centre, un blockhaus se fond dans le paysage sableux, t\u00e9moin silencieux du pass\u00e9. \u00c0 l\u2019horizon, la c\u00f4te basque ferme cette composition aux teintes douces. Le cama\u00efeu de bleus et blancs renforce le style \u00e9pur\u00e9 de l\u2019ensemble. Disponible en plusieurs formats panoramiques, cette \u0153uvre s\u2019int\u00e8gre parfaitement dans une d\u00e9coration design et authentique."},{"@type":"BreadcrumbList","@id":"https:\/\/gl-design.net\/produit\/landes-satocha-ref-ap3\/#breadcrumb","itemListElement":[{"@type":"ListItem","position":1,"name":"Accueil","item":"https:\/\/gl-design.net\/"},{"@type":"ListItem","position":2,"name":"Boutique","item":"https:\/\/gl-design.net\/boutique\/"},{"@type":"ListItem","position":3,"name":"Affiche de Capbreton, plage SANTOCHA (R\u00e9f. AP3)"}]},{"@type":"WebSite","@id":"https:\/\/gl-design.net\/#website","url":"https:\/\/gl-design.net\/","name":"Affiches et illustration du Pays Basque et du Sud-Ouest","description":"Affiches et Illustrations du sud ouest par GIL","publisher":{"@id":"https:\/\/gl-design.net\/#organization"},"potentialAction":[{"@type":"SearchAction","target":{"@type":"EntryPoint","urlTemplate":"https:\/\/gl-design.net\/?s={search_term_string}"},"query-input":{"@type":"PropertyValueSpecification","valueRequired":true,"valueName":"search_term_string"}}],"inLanguage":"eu"},{"@type":"Organization","@id":"https:\/\/gl-design.net\/#organization","name":"GL DESIGN","url":"https:\/\/gl-design.net\/","logo":{"@type":"ImageObject","inLanguage":"eu","@id":"https:\/\/gl-design.net\/#\/schema\/logo\/image\/","url":"https:\/\/gl-design.net\/wp-content\/uploads\/2024\/04\/cropped-favicon-1.png","contentUrl":"https:\/\/gl-design.net\/wp-content\/uploads\/2024\/04\/cropped-favicon-1.png","width":512,"height":512,"caption":"GL DESIGN"},"image":{"@id":"https:\/\/gl-design.net\/#\/schema\/logo\/image\/"},"sameAs":["https:\/\/www.facebook.com\/GILdesign.graphiste","https:\/\/www.instagram.com\/gildesign.graphiste"]}]}},"_links":{"self":[{"href":"https:\/\/gl-design.net\/eu\/wp-json\/wp\/v2\/product\/6526","targetHints":{"allow":["GET"]}}],"collection":[{"href":"https:\/\/gl-design.net\/eu\/wp-json\/wp\/v2\/product"}],"about":[{"href":"https:\/\/gl-design.net\/eu\/wp-json\/wp\/v2\/types\/product"}],"replies":[{"embeddable":true,"href":"https:\/\/gl-design.net\/eu\/wp-json\/wp\/v2\/comments?post=6526"}],"version-history":[{"count":4,"href":"https:\/\/gl-design.net\/eu\/wp-json\/wp\/v2\/product\/6526\/revisions"}],"predecessor-version":[{"id":7207,"href":"https:\/\/gl-design.net\/eu\/wp-json\/wp\/v2\/product\/6526\/revisions\/7207"}],"wp:featuredmedia":[{"embeddable":true,"href":"https:\/\/gl-design.net\/eu\/wp-json\/wp\/v2\/media\/5984"}],"wp:attachment":[{"href":"https:\/\/gl-design.net\/eu\/wp-json\/wp\/v2\/media?parent=6526"}],"wp:term":[{"taxonomy":"product_brand","embeddable":true,"href":"https:\/\/gl-design.net\/eu\/wp-json\/wp\/v2\/product_brand?post=6526"},{"taxonomy":"product_cat","embeddable":true,"href":"https:\/\/gl-design.net\/eu\/wp-json\/wp\/v2\/product_cat?post=6526"},{"taxonomy":"product_tag","embeddable":true,"href":"https:\/\/gl-design.net\/eu\/wp-json\/wp\/v2\/product_tag?post=6526"}],"curies":[{"name":"wp","href":"https:\/\/api.w.org\/{rel}","templated":true}]}}