{"id":14,"date":"2024-05-17T13:10:31","date_gmt":"2024-05-17T13:10:31","guid":{"rendered":"https:\/\/gl-design.net\/\/32\/?page_id=14"},"modified":"2024-06-27T09:03:11","modified_gmt":"2024-06-27T09:03:11","slug":"cgv-cgu","status":"publish","type":"page","link":"https:\/\/gl-design.net\/eu\/cgv-cgu\/","title":{"rendered":"CGV-CGU"},"content":{"rendered":"<div data-elementor-type=\"wp-page\" data-elementor-id=\"14\" class=\"elementor elementor-14\">\n\t\t\t\t<div class=\"elementor-element elementor-element-333d6d41 e-flex e-con-boxed e-con e-parent\" data-id=\"333d6d41\" data-element_type=\"container\">\n\t\t\t\t\t<div class=\"e-con-inner\">\n\t\t\t\t<div class=\"elementor-element elementor-element-1a89ab0a elementor-widget elementor-widget-text-editor\" data-id=\"1a89ab0a\" data-element_type=\"widget\" data-widget_type=\"text-editor.default\">\n\t\t\t\t<div class=\"elementor-widget-container\">\n\t\t\t<style>\/*! elementor - v3.21.0 - 08-05-2024 *\/\n.elementor-widget-text-editor.elementor-drop-cap-view-stacked .elementor-drop-cap{background-color:#69727d;color:#fff}.elementor-widget-text-editor.elementor-drop-cap-view-framed .elementor-drop-cap{color:#69727d;border:3px solid;background-color:transparent}.elementor-widget-text-editor:not(.elementor-drop-cap-view-default) .elementor-drop-cap{margin-top:8px}.elementor-widget-text-editor:not(.elementor-drop-cap-view-default) .elementor-drop-cap-letter{width:1em;height:1em}.elementor-widget-text-editor .elementor-drop-cap{float:left;text-align:center;line-height:1;font-size:50px}.elementor-widget-text-editor .elementor-drop-cap-letter{display:inline-block}<\/style>\t\t\t\t<h3>PREAMBULE :<\/h3>\n<p>Le site est la propri\u00e9t\u00e9 de \u00ab\u00a0gl-design.net\u00a0\u00bb en sa totalit\u00e9, ainsi que l&rsquo;ensemble des droits y aff\u00e9rents. Toute reproduction, int\u00e9grale ou partielle, est syst\u00e9matiquement soumise a l&rsquo;autorisation des propri\u00e9taires. Toutefois, les liaisons du type hypertextes vers le site sont autoris\u00e9es sans demandes sp\u00e9cifiques. Nos offres de produits et de prix sont valables jusqu\u2019au 31\/12\/2024.<\/p>\n<h3>1. Acceptation des conditions<\/h3>\n<p>Le client reconna\u00eet avoir pris connaissance, au moment de la passation de commande, des conditions particuli\u00e8res de vente \u00e9nonc\u00e9es sur cet \u00e9cran et d\u00e9clare express\u00e9ment les accepter sans r\u00e9serve. Les pr\u00e9sentes conditions g\u00e9n\u00e9rales de vente r\u00e9gissent les relations contractuelles entre \u00ab\u00a0gl-design.net\u00a0\u00bb et son client, les deux parties les acceptant sans r\u00e9serve. Ces conditions g\u00e9n\u00e9rales de vente pr\u00e9vaudront sur toutes autres conditions figurant dans tout autre document, sauf d\u00e9rogation pr\u00e9alable, expresse et \u00e9crite.<\/p>\n<h3>2. Produits<\/h3>\n<p>Les photographies illustrant les produits, n&rsquo;entrent pas dans le champ contractuel. Si des erreurs s&rsquo;y sont introduites, en aucun cas, la responsabilit\u00e9 de \u00ab\u00a0gl-design.net\u00a0\u00bb ne pourra \u00eatre engag\u00e9e.<\/p>\n<h3>3. Commande<\/h3>\n<p>Les syst\u00e8mes d&rsquo;enregistrement automatique sont consid\u00e9r\u00e9s comme valant preuve, de la nature, du contenu et de la date de la commande. \u00ab\u00a0gl-design.net\u00a0\u00bb confirme l&rsquo;acceptation de sa commande au client \u00e0 l&rsquo;adresse mail que celui-ci aura communiqu\u00e9. La vente ne sera conclue qu&rsquo;\u00e0 compter de la confirmation de la commande. \u00ab\u00a0gl-design.net\u00a0\u00bb se r\u00e9serve le droit d&rsquo;annuler toute commande d&rsquo;un client avec lequel existerait un litige relatif au paiement d&rsquo;une commande ant\u00e9rieure. Les informations \u00e9nonc\u00e9es par l&rsquo;acheteur, lors de la prise de commande engagent celui-ci : en cas d&rsquo;erreur dans le libell\u00e9 des coordonn\u00e9es du destinataire, le vendeur ne saurait \u00eatre tenu responsable de l&rsquo;impossibilit\u00e9 dans laquelle il pourrait \u00eatre de livrer le produit<\/p>\n<h3>4. Livraison<\/h3>\n<p>Apres confirmation de commande, \u00ab\u00a0gl-design.net\u00a0\u00bb s&rsquo;engage a livrer a son transporteur, toutes les r\u00e9f\u00e9rences command\u00e9es par l&rsquo;acheteur. Ce transporteur s&rsquo;engage lui par contrat avec \u00ab\u00a0gl-design.net\u00a0\u00bb \u00e0 livrer la commande a l&rsquo;adresse de l&rsquo;acheteur fournie par \u00ab\u00a0gl-design.net\u00a0\u00bb. Dans le cas d&rsquo;un transport en syst\u00e8me dit de contre-remboursement, le client s&rsquo;engage a r\u00e9gler au transporteur ou a son repr\u00e9sentant la totalit\u00e9 de la somme indiqu\u00e9e lors de la confirmation de commande.<\/p>\n<p>De plus pour les livraisons hors de la France m\u00e9tropolitaine le client s&rsquo;engage a r\u00e9gler toutes les taxes dues a l&rsquo;importation de produits, droit de douane, taxe sur la valeur ajout\u00e9e, et toutes autres taxes dues en vertu des lois du pays de r\u00e9ception de la commande. Toute les commandes pass\u00e9es \u00e0 \u00ab\u00a0gl-design.net\u00a0\u00bb sont destin\u00e9es a l&rsquo;usage personnel des clients, les clients ou les destinataires des produits s&rsquo;interdisent toute revente partielle ou totale des produits. \u00ab\u00a0gl-design.net\u00a0\u00bb se d\u00e9gage de fait de toute responsabilit\u00e9 juridiques si l&rsquo;acquittement des taxes n&rsquo;\u00e9tait pas effectu\u00e9e par le client. Les retards \u00e9ventuels ne donnent pas le droit \u00e0 l&rsquo;acheteur de r\u00e9clamer des dommages et int\u00e9r\u00eats. En cas de d\u00e9fauts apparents, l&rsquo;acheteur b\u00e9n\u00e9ficie du droit de retour dans les conditions pr\u00e9vues dans ce document. Sont consid\u00e9r\u00e9s comme cas de force majeure d\u00e9chargeant le vendeur de son obligation de livrer, la guerre, l&rsquo;\u00e9meute, l&rsquo;incendie, les gr\u00e8ves, les accidents, les pand\u00e9mies, catastrophes sanitaires et l&rsquo;impossibilit\u00e9 d&rsquo;\u00eatre approvisionn\u00e9s. Les marchandises voyagent toujours aux risques et p\u00e9rils du destinataire. V\u00e9rifiez toujours votre colis \u00e0 l&rsquo;arriv\u00e9e. Vous disposez d&rsquo;un d\u00e9lai de 24 heures pour faire d&rsquo;\u00e9ventuelles r\u00e9serves aupr\u00e8s du transporteur en cas de manquant ou de d\u00e9gradation. Pour des raisons de disponibilit\u00e9, une commande peut \u00eatre livr\u00e9e en plusieurs fois au client. Le client ne r\u00e8gle alors qu&rsquo;une seule livraison. Si le client souhaite 2 lieux de livraison, il passe 2 commandes, avec les frais de livraison li\u00e9s.<\/p>\n<p>Pour les probl\u00e8mes de livraison vous pouvez vous rendre sur l&rsquo;onglet LIVRAISON<\/p>\n<h3>5. R\u00e9tractation<\/h3>\n<p>Conform\u00e9ment \u00e0 l&rsquo;article L.121-16 et suivants du Code de la Consommation, le consommateur dispose d&rsquo;un d\u00e9lai de 14 jours \u00e0 compter de la date de livraison de sa commande, pour retourner tout article ne lui convenant pas et demander l&rsquo;\u00e9change ou le remboursement sans p\u00e9nalit\u00e9, \u00e0 l&rsquo;exception des frais de retour.<\/p>\n<p>Tout retour doit \u00eatre envoy\u00e9 dans son emballage d&rsquo;origine (Emballage plastique, tubes ou triangles cartonn\u00e9s) afin de prot\u00e9ger le produit. GL Design se r\u00e9serve le droit de refuser un retour s&rsquo;il n&rsquo;a pas \u00e9t\u00e9 fait dans de bonnes conditions et que le produit arrive abim\u00e9. Dans ce cas l\u00e0 un mail avec une photo vous est envoy\u00e9. Le client peut se faire retourner son produit \u00e0 ses frais.<\/p>\n<p>En cas d&rsquo;exercice du droit de r\u00e9tractation, \u00ab\u00a0gl-design.net\u00a0\u00bb est tenu au remboursement des sommes vers\u00e9es par le client, sans frais, \u00e0 l&rsquo;exception des frais de retour. Le remboursement est d\u00fb dans un d\u00e9lai maximum de 30 jours, comme il est pr\u00e9vu \u00e0 l\u2019article L. 121-20-1 du Code de la Consommation.<\/p>\n<h3>6. Prix<\/h3>\n<p>Le prix est exprim\u00e9 en euros. Le prix indiqu\u00e9 sur les fiches produit ne comprend pas le transport. Le prix indiqu\u00e9 dans la confirmation de commande est le prix d\u00e9finitif, exprim\u00e9 toutes taxes comprises et incluant la TVA pour la France et les pays de la CEE . Ce prix comprend le prix des produits, les frais de manutention, d&#8217;emballage et de conservation des produits, les frais de transport et de mise en service.<\/p>\n<h3>7. Paiement<\/h3>\n<p>Le prix factur\u00e9 au client est le prix indiqu\u00e9 sur la confirmation de commande adress\u00e9e par \u00ab\u00a0gl-design.net\u00a0\u00bb. Le prix des produits est payable au comptant le jour de la commande effective. Le paiement s&rsquo;effectue par carte bancaire portant le sigle CB. La transaction est s\u00e9curis\u00e9e gr\u00e2ce \u00e0 la plateforme de PAYPAL qui utilise le protocole de cryptage SSL 128 bits. C&rsquo;est le standard actuellement. A aucun moment \u00ab\u00a0gl-design.net\u00a0\u00bb n&rsquo;est en possession de vos informations bancaires, le paiement s&rsquo;effectue directement sur la plateforme s\u00e9curis\u00e9e de la banque (\u00e0 la fin du processus de commande dans \u00ab\u00a0mon panier\u00a0\u00bb) et \u00ab\u00a0gl-design.net\u00a0\u00bb n&rsquo;a pas acc\u00e8s \u00e0 vos informations bancaires.<\/p>\n<h3>8. Litiges<\/h3>\n<p>Le pr\u00e9sent contrat est soumis au droit fran\u00e7ais. \u00ab\u00a0gl-design.net\u00a0\u00bb ne peut \u00eatre tenu pour responsable des dommages de toute nature, tant mat\u00e9riels qu&rsquo;immat\u00e9riels ou corporels, qui pourraient r\u00e9sulter d&rsquo;un mauvais fonctionnement ou de la mauvaise utilisation des produits commercialis\u00e9s. Il en est de m\u00eame pour les \u00e9ventuelles modifications des produits r\u00e9sultant des fabricants. La responsabilit\u00e9 de \u00ab\u00a0gl-design.net\u00a0\u00bb sera, en tout \u00e9tat de cause, limit\u00e9e au montant de la commande et ne saurait \u00eatre mise en cause pour de simples erreurs ou omissions qui auraient pu subsister malgr\u00e9 toutes les pr\u00e9cautions prises dans la pr\u00e9sentation des produits En cas de difficult\u00e9s dans l&rsquo;application du pr\u00e9sent contrat, l&rsquo;acheteur a la possibilit\u00e9, avant toute action en justice, de rechercher une solution amiable notamment avec l&rsquo;aide : d&rsquo;une association professionnelle de la branche , d&rsquo;une association de consommateurs ou de tout autre conseil de son choix . Il est rappel\u00e9 que la recherche de la solution amiable n&rsquo;interrompt pas le \u00a0\u00bb bref d\u00e9lai \u00a0\u00bb de la garantie l\u00e9gale, ni la dur\u00e9e de la garantie contractuelle. Il est rappel\u00e9 qu&rsquo;en r\u00e8gle g\u00e9n\u00e9rale et sous r\u00e9serve de l&rsquo;appr\u00e9ciation des Tribunaux, le respect des dispositions du pr\u00e9sent contrat relatives \u00e0 la garantie contractuelle suppose que l&rsquo;acheteur honore ses engagements financiers envers le vendeur.<\/p>\n<p>Les r\u00e9clamations ou contestations seront toujours re\u00e7ues avec bienveillance attentive, la bonne foi \u00e9tant toujours pr\u00e9sum\u00e9e chez celui qui prend la peine d&rsquo;exposer ses situations. En cas de litige, le client s&rsquo;adressera par priorit\u00e9 \u00e0 l&rsquo;entreprise pour obtenir une solution amiable.<\/p>\n<p>A d\u00e9faut, le Tribunal de Commerce de Bayonne est seul comp\u00e9tent, quels que soient le lieu de livraison et le mode de paiement accept\u00e9s.<\/p>\n<h3>9. Garantie<\/h3>\n<p>Dans tous les cas \u00ab\u00a0gl-design.net\u00a0\u00bb ne pourra \u00eatre tenu pour responsable pour non respect des dispositions r\u00e9glementaires et l\u00e9gislatives en vigueur dans le pays de r\u00e9ception, la responsabilit\u00e9 de \u00ab\u00a0gl-design.net\u00a0\u00bb est syst\u00e9matiquement limit\u00e9e a la valeur du produit mis en cause, valeur a sa date de vente et ce sans possibilit\u00e9s de recours envers la marque ou la soci\u00e9t\u00e9 productrice du produit. En toute hypoth\u00e8se, le client b\u00e9n\u00e9ficie de la garantie l\u00e9gale d&rsquo;\u00e9viction et des vices cach\u00e9s (Art.1625 et suivants du Code Civil). A la condition que l&rsquo;acheteur fasse la preuve du d\u00e9faut cach\u00e9, le vendeur doit l\u00e9galement en r\u00e9parer toutes les cons\u00e9quences (art.1641 et suivants du code civil) ; si l&rsquo;acheteur s&rsquo;adresse aux tribunaux, il doit le faire dans un \u00a0\u00bb bref d\u00e9lai \u00a0\u00bb \u00e0 compter de la d\u00e9couverte du d\u00e9faut cach\u00e9 (art.1648 du code civil).<\/p>\n<h3>10. Informations l\u00e9gales<\/h3>\n<p>Le renseignement des informations nominatives collect\u00e9es aux fins de la vente \u00e0 distance est obligatoire, ces informations \u00e9tant indispensables pour le traitement et l&rsquo;acheminement des commandes, l&rsquo;\u00e9tablissement des factures et contrats de garantie. Le d\u00e9faut de renseignement entra\u00eene la non validation de la commande. Conform\u00e9ment \u00e0 la loi \u00a0\u00bb Informatique et Libert\u00e9s \u00ab\u00a0, le traitement des informations nominatives relatives aux clients a fait l&rsquo;objet d&rsquo;une d\u00e9claration aupr\u00e8s de la Commission Nationale de l&rsquo;Informatique et des Libert\u00e9s (CNIL). Le client dispose (article 34 de la loi du 6 janvier 1978) d&rsquo;un droit d&rsquo;acc\u00e8s, de modification, de rectification et de suppression des donn\u00e9es qui le concernent, qu&rsquo;il peut exercer aupr\u00e8s de \u00ab\u00a0gl-design.net\u00a0\u00bb. De plus, \u00ab\u00a0gl-design.net\u00a0\u00bb s&rsquo;engage \u00e0 ne pas communiquer, gratuitement ou avec contrepartie, les coordonn\u00e9es de ses clients \u00e0 un tiers.<\/p>\t\t\t\t\t\t<\/div>\n\t\t\t\t<\/div>\n\t\t\t\t\t<\/div>\n\t\t\t\t<\/div>\n\t\t\t\t<\/div>","protected":false},"excerpt":{"rendered":"<p>PREAMBULE : Le site est la propri\u00e9t\u00e9 de \u00ab\u00a0gl-design.net\u00a0\u00bb en sa totalit\u00e9, ainsi que l&rsquo;ensemble des droits y aff\u00e9rents. Toute reproduction, int\u00e9grale ou partielle, est syst\u00e9matiquement soumise a l&rsquo;autorisation des propri\u00e9taires. Toutefois, les liaisons du type hypertextes vers le site sont autoris\u00e9es sans demandes sp\u00e9cifiques. Nos offres de produits et de prix sont valables jusqu\u2019au [&hellip;]<\/p>","protected":false},"author":1,"featured_media":0,"parent":0,"menu_order":0,"comment_status":"closed","ping_status":"closed","template":"","meta":{"footnotes":""},"class_list":["post-14","page","type-page","status-publish","hentry"],"yoast_head":"<!-- This site is optimized with the Yoast SEO plugin v24.9 - https:\/\/yoast.com\/wordpress\/plugins\/seo\/ -->\n<title>CGV CGU GL DESIGN<\/title>\n<meta name=\"description\" content=\"Vous pouvez retrouver dans cette page les conditions g\u00e9n\u00e9rales de ventes et d&#039;utilisation de mes produits ( CGV et CGU GL DESIGN)\" \/>\n<meta name=\"robots\" content=\"index, follow, max-snippet:-1, max-image-preview:large, max-video-preview:-1\" \/>\n<link rel=\"canonical\" href=\"https:\/\/gl-design.net\/eu\/cgv-cgu\/\" \/>\n<meta property=\"og:locale\" content=\"en_US\" \/>\n<meta property=\"og:type\" content=\"article\" \/>\n<meta property=\"og:title\" content=\"CGV CGU GL DESIGN\" \/>\n<meta property=\"og:description\" content=\"Vous pouvez retrouver dans cette page les conditions g\u00e9n\u00e9rales de ventes et d&#039;utilisation de mes produits ( CGV et CGU GL DESIGN)\" \/>\n<meta property=\"og:url\" content=\"https:\/\/gl-design.net\/eu\/cgv-cgu\/\" \/>\n<meta property=\"og:site_name\" content=\"GL DESIGN\" \/>\n<meta property=\"article:publisher\" content=\"https:\/\/www.facebook.com\/GILdesign.graphiste\" \/>\n<meta property=\"article:modified_time\" content=\"2024-06-27T09:03:11+00:00\" \/>\n<meta name=\"twitter:card\" content=\"summary_large_image\" \/>\n<meta name=\"twitter:label1\" content=\"Est. reading time\" \/>\n\t<meta name=\"twitter:data1\" content=\"8 minutua\" \/>\n<script type=\"application\/ld+json\" class=\"yoast-schema-graph\">{\"@context\":\"https:\/\/schema.org\",\"@graph\":[{\"@type\":\"WebPage\",\"@id\":\"https:\/\/gl-design.net\/cgv-cgu\/\",\"url\":\"https:\/\/gl-design.net\/cgv-cgu\/\",\"name\":\"CGV CGU GL DESIGN\",\"isPartOf\":{\"@id\":\"https:\/\/gl-design.net\/#website\"},\"datePublished\":\"2024-05-17T13:10:31+00:00\",\"dateModified\":\"2024-06-27T09:03:11+00:00\",\"description\":\"Vous pouvez retrouver dans cette page les conditions g\u00e9n\u00e9rales de ventes et d'utilisation de mes produits ( CGV et CGU GL DESIGN)\",\"breadcrumb\":{\"@id\":\"https:\/\/gl-design.net\/cgv-cgu\/#breadcrumb\"},\"inLanguage\":\"eu\",\"potentialAction\":[{\"@type\":\"ReadAction\",\"target\":[\"https:\/\/gl-design.net\/cgv-cgu\/\"]}]},{\"@type\":\"BreadcrumbList\",\"@id\":\"https:\/\/gl-design.net\/cgv-cgu\/#breadcrumb\",\"itemListElement\":[{\"@type\":\"ListItem\",\"position\":1,\"name\":\"Accueil\",\"item\":\"https:\/\/gl-design.net\/\"},{\"@type\":\"ListItem\",\"position\":2,\"name\":\"CGV-CGU\"}]},{\"@type\":\"WebSite\",\"@id\":\"https:\/\/gl-design.net\/#website\",\"url\":\"https:\/\/gl-design.net\/\",\"name\":\"Affiches et illustration du Pays Basque et du Sud-Ouest\",\"description\":\"Affiches et Illustrations du sud ouest par GIL\",\"publisher\":{\"@id\":\"https:\/\/gl-design.net\/#organization\"},\"potentialAction\":[{\"@type\":\"SearchAction\",\"target\":{\"@type\":\"EntryPoint\",\"urlTemplate\":\"https:\/\/gl-design.net\/?s={search_term_string}\"},\"query-input\":{\"@type\":\"PropertyValueSpecification\",\"valueRequired\":true,\"valueName\":\"search_term_string\"}}],\"inLanguage\":\"eu\"},{\"@type\":\"Organization\",\"@id\":\"https:\/\/gl-design.net\/#organization\",\"name\":\"GL DESIGN\",\"url\":\"https:\/\/gl-design.net\/\",\"logo\":{\"@type\":\"ImageObject\",\"inLanguage\":\"eu\",\"@id\":\"https:\/\/gl-design.net\/#\/schema\/logo\/image\/\",\"url\":\"https:\/\/gl-design.net\/wp-content\/uploads\/2024\/04\/cropped-favicon-1.png\",\"contentUrl\":\"https:\/\/gl-design.net\/wp-content\/uploads\/2024\/04\/cropped-favicon-1.png\",\"width\":512,\"height\":512,\"caption\":\"GL DESIGN\"},\"image\":{\"@id\":\"https:\/\/gl-design.net\/#\/schema\/logo\/image\/\"},\"sameAs\":[\"https:\/\/www.facebook.com\/GILdesign.graphiste\",\"https:\/\/www.instagram.com\/gildesign.graphiste\"]}]}<\/script>\n<!-- \/ Yoast SEO plugin. -->","yoast_head_json":{"title":"CGV CGU GL DESIGN","description":"Vous pouvez retrouver dans cette page les conditions g\u00e9n\u00e9rales de ventes et d'utilisation de mes produits ( CGV et CGU GL DESIGN)","robots":{"index":"index","follow":"follow","max-snippet":"max-snippet:-1","max-image-preview":"max-image-preview:large","max-video-preview":"max-video-preview:-1"},"canonical":"https:\/\/gl-design.net\/eu\/cgv-cgu\/","og_locale":"en_US","og_type":"article","og_title":"CGV CGU GL DESIGN","og_description":"Vous pouvez retrouver dans cette page les conditions g\u00e9n\u00e9rales de ventes et d'utilisation de mes produits ( CGV et CGU GL DESIGN)","og_url":"https:\/\/gl-design.net\/eu\/cgv-cgu\/","og_site_name":"GL DESIGN","article_publisher":"https:\/\/www.facebook.com\/GILdesign.graphiste","article_modified_time":"2024-06-27T09:03:11+00:00","twitter_card":"summary_large_image","twitter_misc":{"Est. reading time":"8 minutua"},"schema":{"@context":"https:\/\/schema.org","@graph":[{"@type":"WebPage","@id":"https:\/\/gl-design.net\/cgv-cgu\/","url":"https:\/\/gl-design.net\/cgv-cgu\/","name":"CGV CGU GL DESIGN","isPartOf":{"@id":"https:\/\/gl-design.net\/#website"},"datePublished":"2024-05-17T13:10:31+00:00","dateModified":"2024-06-27T09:03:11+00:00","description":"Vous pouvez retrouver dans cette page les conditions g\u00e9n\u00e9rales de ventes et d'utilisation de mes produits ( CGV et CGU GL DESIGN)","breadcrumb":{"@id":"https:\/\/gl-design.net\/cgv-cgu\/#breadcrumb"},"inLanguage":"eu","potentialAction":[{"@type":"ReadAction","target":["https:\/\/gl-design.net\/cgv-cgu\/"]}]},{"@type":"BreadcrumbList","@id":"https:\/\/gl-design.net\/cgv-cgu\/#breadcrumb","itemListElement":[{"@type":"ListItem","position":1,"name":"Accueil","item":"https:\/\/gl-design.net\/"},{"@type":"ListItem","position":2,"name":"CGV-CGU"}]},{"@type":"WebSite","@id":"https:\/\/gl-design.net\/#website","url":"https:\/\/gl-design.net\/","name":"Affiches et illustration du Pays Basque et du Sud-Ouest","description":"Affiches et Illustrations du sud ouest par GIL","publisher":{"@id":"https:\/\/gl-design.net\/#organization"},"potentialAction":[{"@type":"SearchAction","target":{"@type":"EntryPoint","urlTemplate":"https:\/\/gl-design.net\/?s={search_term_string}"},"query-input":{"@type":"PropertyValueSpecification","valueRequired":true,"valueName":"search_term_string"}}],"inLanguage":"eu"},{"@type":"Organization","@id":"https:\/\/gl-design.net\/#organization","name":"GL DESIGN","url":"https:\/\/gl-design.net\/","logo":{"@type":"ImageObject","inLanguage":"eu","@id":"https:\/\/gl-design.net\/#\/schema\/logo\/image\/","url":"https:\/\/gl-design.net\/wp-content\/uploads\/2024\/04\/cropped-favicon-1.png","contentUrl":"https:\/\/gl-design.net\/wp-content\/uploads\/2024\/04\/cropped-favicon-1.png","width":512,"height":512,"caption":"GL DESIGN"},"image":{"@id":"https:\/\/gl-design.net\/#\/schema\/logo\/image\/"},"sameAs":["https:\/\/www.facebook.com\/GILdesign.graphiste","https:\/\/www.instagram.com\/gildesign.graphiste"]}]}},"_links":{"self":[{"href":"https:\/\/gl-design.net\/eu\/wp-json\/wp\/v2\/pages\/14","targetHints":{"allow":["GET"]}}],"collection":[{"href":"https:\/\/gl-design.net\/eu\/wp-json\/wp\/v2\/pages"}],"about":[{"href":"https:\/\/gl-design.net\/eu\/wp-json\/wp\/v2\/types\/page"}],"author":[{"embeddable":true,"href":"https:\/\/gl-design.net\/eu\/wp-json\/wp\/v2\/users\/1"}],"replies":[{"embeddable":true,"href":"https:\/\/gl-design.net\/eu\/wp-json\/wp\/v2\/comments?post=14"}],"version-history":[{"count":10,"href":"https:\/\/gl-design.net\/eu\/wp-json\/wp\/v2\/pages\/14\/revisions"}],"predecessor-version":[{"id":6635,"href":"https:\/\/gl-design.net\/eu\/wp-json\/wp\/v2\/pages\/14\/revisions\/6635"}],"wp:attachment":[{"href":"https:\/\/gl-design.net\/eu\/wp-json\/wp\/v2\/media?parent=14"}],"curies":[{"name":"wp","href":"https:\/\/api.w.org\/{rel}","templated":true}]}}