{"id":11,"date":"2024-04-26T12:11:50","date_gmt":"2024-04-26T12:11:50","guid":{"rendered":"https:\/\/gl-design.net\/\/32\/panier\/"},"modified":"2024-04-26T12:11:50","modified_gmt":"2024-04-26T12:11:50","slug":"panier","status":"publish","type":"page","link":"https:\/\/gl-design.net\/eu\/panier\/","title":{"rendered":"Panier"},"content":{"rendered":"<div data-block-name=\"woocommerce\/cart\" class=\"wp-block-woocommerce-cart alignwide is-loading\"><div data-block-name=\"woocommerce\/filled-cart-block\" class=\"wp-block-woocommerce-filled-cart-block\"><div data-block-name=\"woocommerce\/cart-items-block\" class=\"wp-block-woocommerce-cart-items-block\"><div data-block-name=\"woocommerce\/cart-line-items-block\" class=\"wp-block-woocommerce-cart-line-items-block\"><\/div>\n\n<div data-block-name=\"woocommerce\/cart-cross-sells-block\" class=\"wp-block-woocommerce-cart-cross-sells-block\"><h2 class=\"wp-block-heading has-large-font-size\">\u00c7a peut vous int\u00e9resser&#8230;<\/h2>\n\n<div data-block-name=\"woocommerce\/cart-cross-sells-products-block\" class=\"wp-block-woocommerce-cart-cross-sells-products-block\"><\/div><\/div><\/div>\n\n<div data-block-name=\"woocommerce\/cart-totals-block\" class=\"wp-block-woocommerce-cart-totals-block\"><div data-block-name=\"woocommerce\/cart-order-summary-block\" class=\"wp-block-woocommerce-cart-order-summary-block\"><div data-block-name=\"woocommerce\/cart-order-summary-heading-block\" class=\"wp-block-woocommerce-cart-order-summary-heading-block\"><\/div><div data-block-name=\"woocommerce\/cart-order-summary-coupon-form-block\" class=\"wp-block-woocommerce-cart-order-summary-coupon-form-block\"><\/div><div data-block-name=\"woocommerce\/cart-order-summary-totals-block\" class=\"wp-block-woocommerce-cart-order-summary-totals-block\">\n<div data-block-name=\"woocommerce\/cart-order-summary-subtotal-block\" class=\"wp-block-woocommerce-cart-order-summary-subtotal-block\"><\/div>\n<div data-block-name=\"woocommerce\/cart-order-summary-discount-block\" class=\"wp-block-woocommerce-cart-order-summary-discount-block\"><\/div>\n<div data-block-name=\"woocommerce\/cart-order-summary-fee-block\" class=\"wp-block-woocommerce-cart-order-summary-fee-block\"><\/div>\n<div data-block-name=\"woocommerce\/cart-order-summary-shipping-block\" class=\"wp-block-woocommerce-cart-order-summary-shipping-block\"><\/div>\n<div data-block-name=\"woocommerce\/cart-order-summary-taxes-block\" class=\"wp-block-woocommerce-cart-order-summary-taxes-block\"><\/div><\/div><\/div>\n\n<div data-block-name=\"woocommerce\/cart-express-payment-block\" class=\"wp-block-woocommerce-cart-express-payment-block\"><\/div>\n\n<div data-block-name=\"woocommerce\/proceed-to-checkout-block\" class=\"wp-block-woocommerce-proceed-to-checkout-block\"><\/div>\n\n<div data-block-name=\"woocommerce\/cart-accepted-payment-methods-block\" class=\"wp-block-woocommerce-cart-accepted-payment-methods-block\"><\/div><\/div><\/div>\n\n<div data-block-name=\"woocommerce\/empty-cart-block\" class=\"wp-block-woocommerce-empty-cart-block\"><h2 class=\"wp-block-heading has-text-align-center with-empty-cart-icon wc-block-cart__empty-cart__title\">Votre panier est actuellement vide\u00a0!<\/h2>\n\n<hr class=\"wp-block-separator has-alpha-channel-opacity is-style-dots\"\/>\n\n<h2 class=\"wp-block-heading has-text-align-center\">Nouveau dans la boutique<\/h2>\n\n<div data-block-name=\"woocommerce\/product-new\" data-columns=\"4\" data-rows=\"1\" class=\"wc-block-grid wp-block-product-new wp-block-woocommerce-product-new wc-block-product-new has-4-columns\"><ul class=\"wc-block-grid__products\"><li class=\"wc-block-grid__product\">\n\t\t\t\t<a href=\"https:\/\/gl-design.net\/eu\/produktua\/affiche-moliets-et-surf-ref-a123-2\/\" class=\"wc-block-grid__product-link\">\n\t\t\t\t\t\n\t\t\t\t\t<div class=\"wc-block-grid__product-image\"><img fetchpriority=\"high\" decoding=\"async\" width=\"300\" height=\"400\" src=\"https:\/\/gl-design.net\/wp-content\/uploads\/2026\/03\/A108-Affiche-Moliets-simplicime-GIL-300x400.jpg\" class=\"attachment-woocommerce_thumbnail size-woocommerce_thumbnail\" alt=\"Affiche de Moliets, Courant d\u2019Huchet \u2013 Illustration plage landaise design\" srcset=\"https:\/\/gl-design.net\/wp-content\/uploads\/2026\/03\/A108-Affiche-Moliets-simplicime-GIL-300x400.jpg 300w, https:\/\/gl-design.net\/wp-content\/uploads\/2026\/03\/A108-Affiche-Moliets-simplicime-GIL-225x300.jpg 225w, https:\/\/gl-design.net\/wp-content\/uploads\/2026\/03\/A108-Affiche-Moliets-simplicime-GIL-9x12.jpg 9w, https:\/\/gl-design.net\/wp-content\/uploads\/2026\/03\/A108-Affiche-Moliets-simplicime-GIL.jpg 500w\" sizes=\"(max-width: 300px) 100vw, 300px\" \/><\/div>\n\t\t\t\t\t<div class=\"wc-block-grid__product-title\">Affiche Moliets, Courant d\u2019Huchet. (R\u00e9f A123)<\/div>\n\t\t\t\t<\/a>\n\t\t\t\t<div class=\"wc-block-grid__product-price price\"><span class=\"woocs_price_code\" data-currency=\"\" data-redraw-id=\"69f1060c25fd4\" data-product-id=\"7394\" data-no-translation=\"\" data-trp-gettext=\"\"><span class=\"woocommerce-Price-amount amount\"><span class=\"woocommerce-Price-currencySymbol\">&euro;<\/span>&nbsp;19.00<\/span>-tik <span class=\"woocommerce-Price-amount amount\"><span class=\"woocommerce-Price-currencySymbol\">&euro;<\/span>&nbsp;43.00<\/span>-ra<\/span><\/div>\n\t\t\t\t\n\t\t\t\t<div class=\"wp-block-button wc-block-grid__product-add-to-cart\"><a href=\"https:\/\/gl-design.net\/eu\/produktua\/affiche-moliets-et-surf-ref-a123-2\/\" aria-label=\"\u201cAffiche Moliets, Courant d\u2019Huchet. (R\u00e9f A123)\u201d(r)entzat aukerak hautatu\" data-quantity=\"1\" data-product_id=\"7394\" data-product_sku=\"\" data-price=\"19\" rel=\"nofollow\" class=\"wp-block-button__link  add_to_cart_button\" data-no-translation=\"\" data-trp-gettext=\"\" data-no-translation-aria-label=\"\">Produktua aukeratu<\/a><\/div>\n\t\t\t<\/li><li class=\"wc-block-grid__product\">\n\t\t\t\t<a href=\"https:\/\/gl-design.net\/eu\/produktua\/affiche-moliets-et-surf-ref-a123\/\" class=\"wc-block-grid__product-link\">\n\t\t\t\t\t\n\t\t\t\t\t<div class=\"wc-block-grid__product-image\"><img decoding=\"async\" width=\"300\" height=\"400\" src=\"https:\/\/gl-design.net\/wp-content\/uploads\/2026\/03\/A126-Affiche-noir-et-blanc-dune-duo-surfeurs-GIL-300x400.jpg\" class=\"attachment-woocommerce_thumbnail size-woocommerce_thumbnail\" alt=\"Affiche duo surfeurs dans les Landes par Gil. Illustration minimaliste noir et blanc. Formats 30x40 et 50x70 cm disponibles.\" srcset=\"https:\/\/gl-design.net\/wp-content\/uploads\/2026\/03\/A126-Affiche-noir-et-blanc-dune-duo-surfeurs-GIL-300x400.jpg 300w, https:\/\/gl-design.net\/wp-content\/uploads\/2026\/03\/A126-Affiche-noir-et-blanc-dune-duo-surfeurs-GIL-225x300.jpg 225w, https:\/\/gl-design.net\/wp-content\/uploads\/2026\/03\/A126-Affiche-noir-et-blanc-dune-duo-surfeurs-GIL-9x12.jpg 9w, https:\/\/gl-design.net\/wp-content\/uploads\/2026\/03\/A126-Affiche-noir-et-blanc-dune-duo-surfeurs-GIL.jpg 500w\" sizes=\"(max-width: 300px) 100vw, 300px\" \/><\/div>\n\t\t\t\t\t<div class=\"wc-block-grid__product-title\">Affiche duo surfeurs dans les Landes (R\u00e9f A126)<\/div>\n\t\t\t\t<\/a>\n\t\t\t\t<div class=\"wc-block-grid__product-price price\"><span class=\"woocs_price_code\" data-currency=\"\" data-redraw-id=\"69f1060c263a2\" data-product-id=\"7387\" data-no-translation=\"\" data-trp-gettext=\"\"><span class=\"woocommerce-Price-amount amount\"><span class=\"woocommerce-Price-currencySymbol\">&euro;<\/span>&nbsp;19.00<\/span>-tik <span class=\"woocommerce-Price-amount amount\"><span class=\"woocommerce-Price-currencySymbol\">&euro;<\/span>&nbsp;43.00<\/span>-ra<\/span><\/div>\n\t\t\t\t\n\t\t\t\t<div class=\"wp-block-button wc-block-grid__product-add-to-cart\"><a href=\"https:\/\/gl-design.net\/eu\/produktua\/affiche-moliets-et-surf-ref-a123\/\" aria-label=\"\u201cAffiche duo surfeurs dans les Landes (R\u00e9f A126)\u201d(r)entzat aukerak hautatu\" data-quantity=\"1\" data-product_id=\"7387\" data-product_sku=\"\" data-price=\"19\" rel=\"nofollow\" class=\"wp-block-button__link  add_to_cart_button\" data-no-translation=\"\" data-trp-gettext=\"\" data-no-translation-aria-label=\"\">Produktua aukeratu<\/a><\/div>\n\t\t\t<\/li><li class=\"wc-block-grid__product\">\n\t\t\t\t<a href=\"https:\/\/gl-design.net\/eu\/produktua\/affiche-3-bebes-basques-ref-a125\/\" class=\"wc-block-grid__product-link\">\n\t\t\t\t\t\n\t\t\t\t\t<div class=\"wc-block-grid__product-image\"><img decoding=\"async\" width=\"300\" height=\"400\" src=\"https:\/\/gl-design.net\/wp-content\/uploads\/2026\/02\/A125-Affiche-noir-et-blanc-trois-BB-basques-GIL-300x400.jpg\" class=\"attachment-woocommerce_thumbnail size-woocommerce_thumbnail\" alt=\"Affiche Culture Pays Basque illustrant trois b\u00e9b\u00e9s avec b\u00e9rets, en style croquis aquarelle. Une d\u00e9coration r\u00e9gionale douce et originale.\" srcset=\"https:\/\/gl-design.net\/wp-content\/uploads\/2026\/02\/A125-Affiche-noir-et-blanc-trois-BB-basques-GIL-300x400.jpg 300w, https:\/\/gl-design.net\/wp-content\/uploads\/2026\/02\/A125-Affiche-noir-et-blanc-trois-BB-basques-GIL-225x300.jpg 225w, https:\/\/gl-design.net\/wp-content\/uploads\/2026\/02\/A125-Affiche-noir-et-blanc-trois-BB-basques-GIL-9x12.jpg 9w, https:\/\/gl-design.net\/wp-content\/uploads\/2026\/02\/A125-Affiche-noir-et-blanc-trois-BB-basques-GIL.jpg 500w\" sizes=\"(max-width: 300px) 100vw, 300px\" \/><\/div>\n\t\t\t\t\t<div class=\"wc-block-grid__product-title\">Affiche 3 B\u00e9b\u00e9s BASQUES  (R\u00e9f A125)<\/div>\n\t\t\t\t<\/a>\n\t\t\t\t<div class=\"wc-block-grid__product-price price\"><span class=\"woocs_price_code\" data-currency=\"\" data-redraw-id=\"69f1060c2673d\" data-product-id=\"7371\" data-no-translation=\"\" data-trp-gettext=\"\"><span class=\"woocommerce-Price-amount amount\"><span class=\"woocommerce-Price-currencySymbol\">&euro;<\/span>&nbsp;19.00<\/span>-tik <span class=\"woocommerce-Price-amount amount\"><span class=\"woocommerce-Price-currencySymbol\">&euro;<\/span>&nbsp;43.00<\/span>-ra<\/span><\/div>\n\t\t\t\t\n\t\t\t\t<div class=\"wp-block-button wc-block-grid__product-add-to-cart\"><a href=\"https:\/\/gl-design.net\/eu\/produktua\/affiche-3-bebes-basques-ref-a125\/\" aria-label=\"\u201cAffiche 3 B\u00e9b\u00e9s BASQUES  (R\u00e9f A125)\u201d(r)entzat aukerak hautatu\" data-quantity=\"1\" data-product_id=\"7371\" data-product_sku=\"\" data-price=\"19\" rel=\"nofollow\" class=\"wp-block-button__link  add_to_cart_button\" data-no-translation=\"\" data-trp-gettext=\"\" data-no-translation-aria-label=\"\">Produktua aukeratu<\/a><\/div>\n\t\t\t<\/li><li class=\"wc-block-grid__product\">\n\t\t\t\t<a href=\"https:\/\/gl-design.net\/eu\/produktua\/galets-basques-nb-ref-a124\/\" class=\"wc-block-grid__product-link\">\n\t\t\t\t\t\n\t\t\t\t\t<div class=\"wc-block-grid__product-image\"><img loading=\"lazy\" decoding=\"async\" width=\"300\" height=\"400\" src=\"https:\/\/gl-design.net\/wp-content\/uploads\/2026\/02\/A124-Affiche-Illustration-Dessing-noir-et-blanc-galets-GIL-300x400.jpg\" class=\"attachment-woocommerce_thumbnail size-woocommerce_thumbnail\" alt=\"Galets basques N&amp;B  (R\u00e9f A124)\" srcset=\"https:\/\/gl-design.net\/wp-content\/uploads\/2026\/02\/A124-Affiche-Illustration-Dessing-noir-et-blanc-galets-GIL-300x400.jpg 300w, https:\/\/gl-design.net\/wp-content\/uploads\/2026\/02\/A124-Affiche-Illustration-Dessing-noir-et-blanc-galets-GIL-225x300.jpg 225w, https:\/\/gl-design.net\/wp-content\/uploads\/2026\/02\/A124-Affiche-Illustration-Dessing-noir-et-blanc-galets-GIL-9x12.jpg 9w, https:\/\/gl-design.net\/wp-content\/uploads\/2026\/02\/A124-Affiche-Illustration-Dessing-noir-et-blanc-galets-GIL.jpg 500w\" sizes=\"(max-width: 300px) 100vw, 300px\" \/><\/div>\n\t\t\t\t\t<div class=\"wc-block-grid__product-title\">Galets basques N&amp;B  (R\u00e9f A124)<\/div>\n\t\t\t\t<\/a>\n\t\t\t\t<div class=\"wc-block-grid__product-price price\"><span class=\"woocs_price_code\" data-currency=\"\" data-redraw-id=\"69f1060c26ade\" data-product-id=\"7363\" data-no-translation=\"\" data-trp-gettext=\"\"><span class=\"woocommerce-Price-amount amount\"><span class=\"woocommerce-Price-currencySymbol\">&euro;<\/span>&nbsp;19.00<\/span>-tik <span class=\"woocommerce-Price-amount amount\"><span class=\"woocommerce-Price-currencySymbol\">&euro;<\/span>&nbsp;43.00<\/span>-ra<\/span><\/div>\n\t\t\t\t\n\t\t\t\t<div class=\"wp-block-button wc-block-grid__product-add-to-cart\"><a href=\"https:\/\/gl-design.net\/eu\/produktua\/galets-basques-nb-ref-a124\/\" aria-label=\"\u201cGalets basques N&amp;B  (R\u00e9f A124)\u201d(r)entzat aukerak hautatu\" data-quantity=\"1\" data-product_id=\"7363\" data-product_sku=\"\" data-price=\"19\" rel=\"nofollow\" class=\"wp-block-button__link  add_to_cart_button\" data-no-translation=\"\" data-trp-gettext=\"\" data-no-translation-aria-label=\"\">Produktua aukeratu<\/a><\/div>\n\t\t\t<\/li><\/ul><\/div><\/div><\/div>","protected":false},"excerpt":{"rendered":"","protected":false},"author":1,"featured_media":0,"parent":0,"menu_order":0,"comment_status":"closed","ping_status":"closed","template":"","meta":{"footnotes":""},"class_list":["post-11","page","type-page","status-publish","hentry"],"yoast_head":"<!-- This site is optimized with the Yoast SEO plugin v24.9 - https:\/\/yoast.com\/wordpress\/plugins\/seo\/ -->\n<title>Panier - GL DESIGN<\/title>\n<meta name=\"robots\" content=\"index, follow, max-snippet:-1, max-image-preview:large, max-video-preview:-1\" \/>\n<link rel=\"canonical\" href=\"https:\/\/gl-design.net\/eu\/panier\/\" \/>\n<meta property=\"og:locale\" content=\"en_US\" \/>\n<meta property=\"og:type\" content=\"article\" \/>\n<meta property=\"og:title\" content=\"Panier - GL DESIGN\" \/>\n<meta property=\"og:url\" content=\"https:\/\/gl-design.net\/eu\/panier\/\" \/>\n<meta property=\"og:site_name\" content=\"GL DESIGN\" \/>\n<meta property=\"article:publisher\" content=\"https:\/\/www.facebook.com\/GILdesign.graphiste\" \/>\n<meta name=\"twitter:card\" content=\"summary_large_image\" \/>\n<script type=\"application\/ld+json\" class=\"yoast-schema-graph\">{\"@context\":\"https:\/\/schema.org\",\"@graph\":[{\"@type\":\"WebPage\",\"@id\":\"https:\/\/gl-design.net\/panier\/\",\"url\":\"https:\/\/gl-design.net\/panier\/\",\"name\":\"Panier - GL DESIGN\",\"isPartOf\":{\"@id\":\"https:\/\/gl-design.net\/#website\"},\"datePublished\":\"2024-04-26T12:11:50+00:00\",\"breadcrumb\":{\"@id\":\"https:\/\/gl-design.net\/panier\/#breadcrumb\"},\"inLanguage\":\"eu\",\"potentialAction\":[{\"@type\":\"ReadAction\",\"target\":[\"https:\/\/gl-design.net\/panier\/\"]}]},{\"@type\":\"BreadcrumbList\",\"@id\":\"https:\/\/gl-design.net\/panier\/#breadcrumb\",\"itemListElement\":[{\"@type\":\"ListItem\",\"position\":1,\"name\":\"Accueil\",\"item\":\"https:\/\/gl-design.net\/\"},{\"@type\":\"ListItem\",\"position\":2,\"name\":\"Panier\"}]},{\"@type\":\"WebSite\",\"@id\":\"https:\/\/gl-design.net\/#website\",\"url\":\"https:\/\/gl-design.net\/\",\"name\":\"Affiches et illustration du Pays Basque et du Sud-Ouest\",\"description\":\"Affiches et Illustrations du sud ouest par GIL\",\"publisher\":{\"@id\":\"https:\/\/gl-design.net\/#organization\"},\"potentialAction\":[{\"@type\":\"SearchAction\",\"target\":{\"@type\":\"EntryPoint\",\"urlTemplate\":\"https:\/\/gl-design.net\/?s={search_term_string}\"},\"query-input\":{\"@type\":\"PropertyValueSpecification\",\"valueRequired\":true,\"valueName\":\"search_term_string\"}}],\"inLanguage\":\"eu\"},{\"@type\":\"Organization\",\"@id\":\"https:\/\/gl-design.net\/#organization\",\"name\":\"GL DESIGN\",\"url\":\"https:\/\/gl-design.net\/\",\"logo\":{\"@type\":\"ImageObject\",\"inLanguage\":\"eu\",\"@id\":\"https:\/\/gl-design.net\/#\/schema\/logo\/image\/\",\"url\":\"https:\/\/gl-design.net\/wp-content\/uploads\/2024\/04\/cropped-favicon-1.png\",\"contentUrl\":\"https:\/\/gl-design.net\/wp-content\/uploads\/2024\/04\/cropped-favicon-1.png\",\"width\":512,\"height\":512,\"caption\":\"GL DESIGN\"},\"image\":{\"@id\":\"https:\/\/gl-design.net\/#\/schema\/logo\/image\/\"},\"sameAs\":[\"https:\/\/www.facebook.com\/GILdesign.graphiste\",\"https:\/\/www.instagram.com\/gildesign.graphiste\"]}]}<\/script>\n<!-- \/ Yoast SEO plugin. -->","yoast_head_json":{"title":"Panier - GL DESIGN","robots":{"index":"index","follow":"follow","max-snippet":"max-snippet:-1","max-image-preview":"max-image-preview:large","max-video-preview":"max-video-preview:-1"},"canonical":"https:\/\/gl-design.net\/eu\/panier\/","og_locale":"en_US","og_type":"article","og_title":"Panier - GL DESIGN","og_url":"https:\/\/gl-design.net\/eu\/panier\/","og_site_name":"GL DESIGN","article_publisher":"https:\/\/www.facebook.com\/GILdesign.graphiste","twitter_card":"summary_large_image","schema":{"@context":"https:\/\/schema.org","@graph":[{"@type":"WebPage","@id":"https:\/\/gl-design.net\/panier\/","url":"https:\/\/gl-design.net\/panier\/","name":"Panier - GL DESIGN","isPartOf":{"@id":"https:\/\/gl-design.net\/#website"},"datePublished":"2024-04-26T12:11:50+00:00","breadcrumb":{"@id":"https:\/\/gl-design.net\/panier\/#breadcrumb"},"inLanguage":"eu","potentialAction":[{"@type":"ReadAction","target":["https:\/\/gl-design.net\/panier\/"]}]},{"@type":"BreadcrumbList","@id":"https:\/\/gl-design.net\/panier\/#breadcrumb","itemListElement":[{"@type":"ListItem","position":1,"name":"Accueil","item":"https:\/\/gl-design.net\/"},{"@type":"ListItem","position":2,"name":"Panier"}]},{"@type":"WebSite","@id":"https:\/\/gl-design.net\/#website","url":"https:\/\/gl-design.net\/","name":"Affiches et illustration du Pays Basque et du Sud-Ouest","description":"Affiches et Illustrations du sud ouest par GIL","publisher":{"@id":"https:\/\/gl-design.net\/#organization"},"potentialAction":[{"@type":"SearchAction","target":{"@type":"EntryPoint","urlTemplate":"https:\/\/gl-design.net\/?s={search_term_string}"},"query-input":{"@type":"PropertyValueSpecification","valueRequired":true,"valueName":"search_term_string"}}],"inLanguage":"eu"},{"@type":"Organization","@id":"https:\/\/gl-design.net\/#organization","name":"GL DESIGN","url":"https:\/\/gl-design.net\/","logo":{"@type":"ImageObject","inLanguage":"eu","@id":"https:\/\/gl-design.net\/#\/schema\/logo\/image\/","url":"https:\/\/gl-design.net\/wp-content\/uploads\/2024\/04\/cropped-favicon-1.png","contentUrl":"https:\/\/gl-design.net\/wp-content\/uploads\/2024\/04\/cropped-favicon-1.png","width":512,"height":512,"caption":"GL DESIGN"},"image":{"@id":"https:\/\/gl-design.net\/#\/schema\/logo\/image\/"},"sameAs":["https:\/\/www.facebook.com\/GILdesign.graphiste","https:\/\/www.instagram.com\/gildesign.graphiste"]}]}},"_links":{"self":[{"href":"https:\/\/gl-design.net\/eu\/wp-json\/wp\/v2\/pages\/11","targetHints":{"allow":["GET"]}}],"collection":[{"href":"https:\/\/gl-design.net\/eu\/wp-json\/wp\/v2\/pages"}],"about":[{"href":"https:\/\/gl-design.net\/eu\/wp-json\/wp\/v2\/types\/page"}],"author":[{"embeddable":true,"href":"https:\/\/gl-design.net\/eu\/wp-json\/wp\/v2\/users\/1"}],"replies":[{"embeddable":true,"href":"https:\/\/gl-design.net\/eu\/wp-json\/wp\/v2\/comments?post=11"}],"version-history":[{"count":0,"href":"https:\/\/gl-design.net\/eu\/wp-json\/wp\/v2\/pages\/11\/revisions"}],"wp:attachment":[{"href":"https:\/\/gl-design.net\/eu\/wp-json\/wp\/v2\/media?parent=11"}],"curies":[{"name":"wp","href":"https:\/\/api.w.org\/{rel}","templated":true}]}}